{"id":6,"date":"2024-05-22T15:12:14","date_gmt":"2024-05-22T15:12:14","guid":{"rendered":"https:\/\/fgv-reinacherhof.ch\/?page_id=6"},"modified":"2026-03-24T10:50:11","modified_gmt":"2026-03-24T09:50:11","slug":"vorstand","status":"publish","type":"page","link":"https:\/\/fgv-reinacherhof.ch\/?page_id=6","title":{"rendered":"Vorstand"},"content":{"rendered":"\n<p>Sie k\u00f6nnen dem gesammten Vorstand eine erreichen indem sie an: vorstand@fgv-reinacherhof.ch eine Email schreiben. <\/p>\n\n\n\n<figure class=\"wp-block-table\"><table class=\"has-fixed-layout\"><tbody><tr><td>Pr\u00e4sident:<\/td><td>V\u00f6geli &nbsp;Arthur<\/td><td>avo52@intergga.ch<\/td><\/tr><tr><td>Vize-Pr\u00e4sident:<\/td><td>Georg Halsmayer<\/td><td>george@fgv-reinacherhof.ch<\/td><\/tr><tr><td>Kassier&nbsp;<\/td><td>Grossmann Hans<\/td><td>h.grossmann@breitband.ch<\/td><\/tr><tr><td>Sekret\u00e4r:<\/td><td>Wegmann&nbsp;Gabriel&nbsp;<\/td><td>jg.weg@intergga.ch<\/td><\/tr><tr><td>Regieleiter:<\/td><td>Nibali&nbsp;Antonino<\/td><td>catanese.63@hotmail.com<\/td><\/tr><tr><td>Regieleiter Stv.:<\/td><td>Russo&nbsp;Cosimo<\/td><td>cosimo.russo@fgv-reinacherhof.ch<\/td><\/tr><\/tbody><\/table><\/figure>\n\n\n\n<figure class=\"wp-block-table\"><table class=\"has-fixed-layout\"><tbody><tr><td>Beizli:<\/td><td>\ufeff<\/td><td>\ufeff<\/td><\/tr><tr><td>Wirt<\/td><td>Filiz Mehmet<\/td><td>Tel 079 940 30 74<\/td><\/tr><\/tbody><\/table><\/figure>\n","protected":false},"excerpt":{"rendered":"<p>Sie k\u00f6nnen dem gesammten Vorstand eine erreichen indem sie an: vorstand@fgv-reinacherhof.ch eine Email schreiben. Pr\u00e4sident: V\u00f6geli &nbsp;Arthur avo52@intergga.ch Vize-Pr\u00e4sident: Georg Halsmayer george@fgv-reinacherhof.ch Kassier&nbsp; Grossmann Hans h.grossmann@breitband.ch Sekret\u00e4r: Wegmann&nbsp;Gabriel&nbsp; jg.weg@intergga.ch Regieleiter: Nibali&nbsp;Antonino catanese.63@hotmail.com Regieleiter Stv.: Russo&nbsp;Cosimo cosimo.russo@fgv-reinacherhof.ch Beizli: \ufeff \ufeff Wirt &hellip; <a href=\"https:\/\/fgv-reinacherhof.ch\/?page_id=6\">Weiterlesen <span class=\"meta-nav\">&rarr;<\/span><\/a><\/p>\n","protected":false},"author":1,"featured_media":0,"parent":0,"menu_order":0,"comment_status":"closed","ping_status":"closed","template":"","meta":{"footnotes":""},"class_list":["post-6","page","type-page","status-publish","hentry"],"_links":{"self":[{"href":"https:\/\/fgv-reinacherhof.ch\/index.php?rest_route=\/wp\/v2\/pages\/6","targetHints":{"allow":["GET"]}}],"collection":[{"href":"https:\/\/fgv-reinacherhof.ch\/index.php?rest_route=\/wp\/v2\/pages"}],"about":[{"href":"https:\/\/fgv-reinacherhof.ch\/index.php?rest_route=\/wp\/v2\/types\/page"}],"author":[{"embeddable":true,"href":"https:\/\/fgv-reinacherhof.ch\/index.php?rest_route=\/wp\/v2\/users\/1"}],"replies":[{"embeddable":true,"href":"https:\/\/fgv-reinacherhof.ch\/index.php?rest_route=%2Fwp%2Fv2%2Fcomments&post=6"}],"version-history":[{"count":13,"href":"https:\/\/fgv-reinacherhof.ch\/index.php?rest_route=\/wp\/v2\/pages\/6\/revisions"}],"predecessor-version":[{"id":191,"href":"https:\/\/fgv-reinacherhof.ch\/index.php?rest_route=\/wp\/v2\/pages\/6\/revisions\/191"}],"wp:attachment":[{"href":"https:\/\/fgv-reinacherhof.ch\/index.php?rest_route=%2Fwp%2Fv2%2Fmedia&parent=6"}],"curies":[{"name":"wp","href":"https:\/\/api.w.org\/{rel}","templated":true}]}}